{"id":999,"date":"2024-03-02T13:39:27","date_gmt":"2024-03-02T11:39:27","guid":{"rendered":"https:\/\/bonfire-solutions.com\/?page_id=999"},"modified":"2024-04-13T12:29:42","modified_gmt":"2024-04-13T10:29:42","slug":"referenzen","status":"publish","type":"page","link":"https:\/\/bonfire-solutions.com\/en\/referenzen\/","title":{"rendered":"Customer Voices"},"content":{"rendered":"\n<p style=\"font-size:clamp(14px, 0.875rem + ((1vw - 3.2px) * 0.265), 17px);\">We have already had the opportunity to demonstrate to the following customers that collaborating with us is an enhancement in the ERP sector:<\/p>\n\n\n\n<figure class=\"wp-block-table-bs\">\n  <table border=\"0\" style=\"border-collapse: collapse;\">\n    <tbody>\n      <tr>\n        <td style=\"width: 25%; vertical-align: middle;\">\n          <div class=\"image-container\" style=\"text-align: left;\">\n            <a href=\"https:\/\/qsil.com\/\" target=\"_blank\" rel=\"noopener\">\n    <img decoding=\"async\" src=\"https:\/\/bonfire-solutions.com\/wp-content\/uploads\/2024\/03\/QSIL_Logo-2019_small.png\" alt=\"Referenz\" style=\"width: 85%; height: auto;\" class=\"Referenz-image-bs\">\n<\/a>\n          <\/div>\n        <\/td>\n        <td style=\"width: 75%; vertical-align: Top;\"><p class=\"name-bs\">Oliver Kaplan &#8211; Head of IT<br><a href=\"https:\/\/qsil.com\/\" target=\"_blank\" rel=\"noopener\">QSIL SE &#8211; qsil.com<\/a><\/p>\nIn der Zusammenarbeit im Bereich Business Central &#038; Azure Devops konnte Robert Wendler aus dem Hause der Bonfire Solutions GmbH uns nicht nur\ntechnisch beeindrucken, sondern auch stets kompetent beraten. Seine Entwicklungsleistungen haben unsere Erwartungen mehr als erf\u00fcllt und uns\ndabei geholfen, ma\u00dfgeschneiderte L\u00f6sungen f\u00fcr unsere spezifischen Anforderungen zu schaffen. \n<br><br>\nWir sind \u00e4u\u00dferst zufrieden mit seiner Arbeit und empfehlen ihn gern jedem Unternehmen, das nach einem Experten f\u00fcr Microsoft Dynamics 365 Business Central sucht.\n<br>\n<\/td>\n      <\/tr>\n    <\/tbody>\n  <\/table>\n<\/figure>\n\n\n\n<figure class=\"wp-block-table-bs\">\n  <table border=\"0\" style=\"border-collapse: collapse;\">\n    <tbody>\n      <tr>\n        <td style=\"width: 25%; vertical-align: middle;\">\n          <div class=\"image-container\" style=\"text-align: left;\">\n<a href=\"https:\/\/www.misterspex.de\/\" target=\"_blank\" rel=\"noopener\">\n            <img decoding=\"async\" src=\"https:\/\/bonfire-solutions.com\/wp-content\/uploads\/2024\/03\/MSX-Logo-ohne-Claim.png\" alt=\"Referenz\" style=\"width: 85%; height: auto;\" class=\"Referenz-image-bs\">\n<\/a>\n          <\/div>\n        <\/td>\n        <td style=\"width: 75%; vertical-align: Top;\"><p class=\"name-bs\">Ulrich Tietze &#8211; Head of Product Enterprise Application<br><a href=\"https:\/\/www.misterspex.de\/\" target=\"_blank\" rel=\"noopener\">Mister Spex SE &#8211; misterspex.de<\/a><\/p>\nEine sehr professionelle Zusammenarbeit.\n\nMister Spex hatte Unterst\u00fctzung von Nancy Kr\u00fcger im Bereich Projektmanagement. Frau Kr\u00fcger hat gemeinsam mit einem internen Entwicklungsteam und\nexternen Drittanbietern strategische ERP-Projekte umgesetzt und stetig operative Prozesse verbessert. Neben der T\u00e4tigkeit als Projektmanager hat sie auch immer ein Ohr f\u00fcr die anderen Projektmanager und ihr Wissen geteilt und dem Team geholfen sich Weiterentwicklung. \n<br><br>\nWer sich an Bonfire wendet, kauft sich f\u00fcr sein Projekt klare Transparenz, sehr gute Kommunikation und f\u00fcr das Business relevante Priorisierung ein.\nIch freue mich auf das n\u00e4chste gemeinsame Projekt.\n<br><\/td>\n      <\/tr>\n    <\/tbody>\n  <\/table>\n<\/figure>\n\n\n\n<figure class=\"wp-block-table-bs\">\n  <table border=\"0\" style=\"border-collapse: collapse;\">\n    <tbody>\n      <tr>\n        <td style=\"width: 25%; vertical-align: middle;\">\n          <div class=\"image-container\" style=\"text-align: left;\">\n<a href=\"https:\/\/marleyspoon.de\/\" target=\"_blank\" rel=\"noopener\">\n            <img decoding=\"async\" src=\"https:\/\/bonfire-solutions.com\/wp-content\/uploads\/2024\/03\/MARLY-SPOON-1.png\" alt=\"Referenz\" style=\"width: 85%; height: auto;\" class=\"Referenz-image-bs\">\n<\/a>\n          <\/div>\n        <\/td>\n        <td style=\"width: 75%; vertical-align: Top;\"><p class=\"name-bs\">Jonas Schultheiss &#8211; CPO &#038; CMO<br><a href=\"https:\/\/marleyspoon.de\/\" target=\"_blank\" rel=\"noopener\">Marley Spoon SE &#8211; marleyspoon.de<\/a><\/p>\nWir hatten das Vergn\u00fcgen, mit Nancy Kr\u00fcger von der Bonfire Solutions bei der Einf\u00fchrung unseres ERP-Systems zusammenzuarbeiten. Ihre fachliche Begleitung war entscheidend f\u00fcr den Erfolg des Projekts. Durch die enge Zusammenarbeit mit Key Usern und Stakeholdern konnte Frau Kr\u00fcger nicht nur eine reibungslose Einf\u00fchrung gew\u00e4hrleisten, sondern auch sicherstellen, dass die individuellen Anforderungen unseres Unternehmens vollst\u00e4ndig ber\u00fccksichtigt wurden.<br><br>\n\nDie klare Kommunikation und das professionelle Engagement von Frau Kr\u00fcger haben zu einer effizienten Umsetzung gef\u00fchrt. Ihre Expertise hat dazu beigetragen, dass unsere Teams das ERP-System erfolgreich \u00fcbernommen haben. <br><br>\n\nWir sind \u00e4u\u00dferst zufrieden mit der partnerschaftlichen Zusammenarbeit und den herausragenden Leistungen der Bonfire Solutions und empfehlen ihre Dienste w\u00e4rmstens jedem Unternehmen, das eine kompetente fachliche Begleitung bei der Einf\u00fchrung eines ERP-Systems sucht.<br>\n<\/td>\n      <\/tr>\n    <\/tbody>\n  <\/table>\n<\/figure>\n\n\n\n<figure class=\"wp-block-table-bs\">\n  <table border=\"0\" style=\"border-collapse: collapse;\">\n    <tbody>\n      <tr>\n        <td style=\"width: 25%; vertical-align: middle;\">\n          <div class=\"image-container\" style=\"text-align: left;\">\n<a href=\"https:\/\/www.landgard.de\/\" target=\"_blank\" rel=\"noopener\">\n            <img decoding=\"async\" src=\"https:\/\/bonfire-solutions.com\/wp-content\/uploads\/2024\/04\/Landgard_Logo_NEU2020_RZ.png\" alt=\"Referenz\" style=\"width: 85%; height: auto;\" class=\"Referenz-image-bs\">\n<\/a>\n          <\/div>\n        <\/td>\n        <td style=\"width: 75%; vertical-align: Top;\"><p class=\"name-bs\">Lutz Pleikies &#8211; Leiter Navision<br><a href=\"https:\/\/www.landgard.de\/\" target=\"_blank\" rel=\"noopener\">Landgard Service GmbH &#8211; landgard.de<\/a><\/p>\nWir m\u00f6chten unsere positive Erfahrung mit Robert Wendler teilen. Er verf\u00fcgt nicht nur \u00fcber ein tiefgreifendes Branchen-Know-how in der Obst- und Gem\u00fcsebranche, sondern zeigt auch eine beeindruckende Beratungsqualit\u00e4t. Seine Kenntnisse \u00fcber die spezifischen Anforderungen und Abl\u00e4ufe in dieser Branche haben unsere Projekte enorm vorangebracht.<br><br>\n\nDar\u00fcber hinaus m\u00f6chten wir die au\u00dfergew\u00f6hnliche Entwicklungsleistung von Herrn Wendler hervorheben. Seine F\u00e4higkeit, komplexe Anforderungen zu verstehen und ma\u00dfgeschneiderte L\u00f6sungen zu entwickeln, hat unsere Erwartungen stets \u00fcbertroffen. Die von ihm entwickelten L\u00f6sungen zeichnen sich nicht nur durch ihre hohe Qualit\u00e4t, sondern auch durch ihre Benutzerfreundlichkeit aus.<br><br>\n\nBesonders beeindruckt hat uns auch die zeitnahe Umsetzung von Anforderungen. Er arbeitet \u00e4u\u00dferst effizient und stellt sicher, dass Projekte termingerecht abgeschlossen werden, ohne dabei die Qualit\u00e4t zu vernachl\u00e4ssigen. Insgesamt k\u00f6nnen wir Robert Wendler als Entwickler f\u00fcr Dynamics NAV uneingeschr\u00e4nkt empfehlen.<br>\n<\/td>\n      <\/tr>\n    <\/tbody>\n  <\/table>\n<\/figure>\n","protected":false},"excerpt":{"rendered":"<p>We have already had the opportunity to demonstrate to the following customers that collaborating with us is an enhancement in the ERP sector: Oliver Kaplan &#8211; Head of ITQSIL SE &#8211; qsil.com In der Zusammenarbeit im Bereich Business Central &#038; Azure Devops konnte Robert Wendler aus dem Hause der Bonfire Solutions GmbH uns nicht nur &hellip; <\/p>\n<p class=\"link-more\"><a href=\"https:\/\/bonfire-solutions.com\/en\/referenzen\/\" class=\"more-link\">Read more<span class=\"screen-reader-text\"> &#8220;Customer Voices&#8221;<\/span><\/a><\/p>\n","protected":false},"author":1,"featured_media":0,"parent":0,"menu_order":0,"comment_status":"closed","ping_status":"closed","template":"","meta":{"om_disable_all_campaigns":false,"_monsterinsights_skip_tracking":false,"_monsterinsights_sitenote_active":false,"_monsterinsights_sitenote_note":"","_monsterinsights_sitenote_category":0,"inspiro_hide_title":false,"footnotes":""},"class_list":["post-999","page","type-page","status-publish","hentry"],"translation":{"provider":"WPGlobus","version":"3.0.2","language":"en","enabled_languages":["de","en"],"languages":{"de":{"title":true,"content":true,"excerpt":false},"en":{"title":true,"content":true,"excerpt":false}}},"aioseo_notices":[],"featured_media_urls":[],"_links":{"self":[{"href":"https:\/\/bonfire-solutions.com\/en\/wp-json\/wp\/v2\/pages\/999","targetHints":{"allow":["GET"]}}],"collection":[{"href":"https:\/\/bonfire-solutions.com\/en\/wp-json\/wp\/v2\/pages"}],"about":[{"href":"https:\/\/bonfire-solutions.com\/en\/wp-json\/wp\/v2\/types\/page"}],"author":[{"embeddable":true,"href":"https:\/\/bonfire-solutions.com\/en\/wp-json\/wp\/v2\/users\/1"}],"replies":[{"embeddable":true,"href":"https:\/\/bonfire-solutions.com\/en\/wp-json\/wp\/v2\/comments?post=999"}],"version-history":[{"count":63,"href":"https:\/\/bonfire-solutions.com\/en\/wp-json\/wp\/v2\/pages\/999\/revisions"}],"predecessor-version":[{"id":1144,"href":"https:\/\/bonfire-solutions.com\/en\/wp-json\/wp\/v2\/pages\/999\/revisions\/1144"}],"wp:attachment":[{"href":"https:\/\/bonfire-solutions.com\/en\/wp-json\/wp\/v2\/media?parent=999"}],"curies":[{"name":"wp","href":"https:\/\/api.w.org\/{rel}","templated":true}]}}