{"id":66,"date":"2023-01-22T14:15:43","date_gmt":"2023-01-22T14:15:43","guid":{"rendered":"http:\/\/bonfire-solutions.com\/?page_id=66"},"modified":"2025-10-27T17:10:35","modified_gmt":"2025-10-27T15:10:35","slug":"impressum","status":"publish","type":"page","link":"https:\/\/bonfire-solutions.com\/en\/impressum\/","title":{"rendered":"Impressum"},"content":{"rendered":"\n<p style=\"font-size:clamp(14px, 0.875rem + ((1vw - 3.2px) * 0.265), 17px);\"><strong>Bonfire Solutions GmbH<br><\/strong>Gustav-Freytag-Str. 2<br>15370 Fredersdorf<br><br>Registergericht: Amtsgericht Frankfurt\/Oder<br>Registernummer: HRB 19729 FF<\/p>\n\n\n\n<p style=\"font-size:clamp(14px, 0.875rem + ((1vw - 3.2px) * 0.265), 17px);\">Vertretungsberechtige Gesch\u00e4ftsf\u00fchrer: Nancy Kr\u00fcger, Robert Wendler<\/p>\n\n\n\n<p style=\"font-size:clamp(14px, 0.875rem + ((1vw - 3.2px) * 0.265), 17px);\">E-Mail:\u00a0<a href=\"https:\/\/bonfire-solutions.com\/impressum\/info@bonfire-solutions.com\">info@bonfire-solutions.com<\/a><\/p>\n\n\n\n<p style=\"font-size:clamp(14px, 0.875rem + ((1vw - 3.2px) * 0.265), 17px);\">Registergericht: Amtsgericht Frankfurt\/Oder<br>Registernummer: HRB 19729 FF<\/p>\n\n\n\n<p style=\"font-size:clamp(14px, 0.875rem + ((1vw - 3.2px) * 0.265), 17px);\">Umsatzsteuer-Identifikationsnummer gem. \u00a7 27a UStG: DE185230462<\/p>\n\n\n\n<p style=\"font-size:clamp(14px, 0.875rem + ((1vw - 3.2px) * 0.265), 17px);\">Inhaltlich Verantwortliche gem. \u00a7 55 II RStV: Nancy Kr\u00fcger<\/p>\n\n\n\n<br>\n","protected":false},"excerpt":{"rendered":"<p>Bonfire Solutions GmbHGustav-Freytag-Str. 215370 Fredersdorf Registergericht: Amtsgericht Frankfurt\/OderRegisternummer: HRB 19729 FF Vertretungsberechtige Gesch\u00e4ftsf\u00fchrer: Nancy Kr\u00fcger, Robert Wendler E-Mail:\u00a0info@bonfire-solutions.com Registergericht: Amtsgericht Frankfurt\/OderRegisternummer: HRB 19729 FF Umsatzsteuer-Identifikationsnummer gem. \u00a7 27a UStG: DE185230462 Inhaltlich Verantwortliche gem. \u00a7 55 II RStV: Nancy Kr\u00fcger<\/p>\n","protected":false},"author":1,"featured_media":0,"parent":0,"menu_order":0,"comment_status":"closed","ping_status":"closed","template":"","meta":{"om_disable_all_campaigns":false,"_monsterinsights_skip_tracking":false,"_monsterinsights_sitenote_active":false,"_monsterinsights_sitenote_note":"","_monsterinsights_sitenote_category":0,"inspiro_hide_title":false,"footnotes":""},"class_list":["post-66","page","type-page","status-publish","hentry"],"translation":{"provider":"WPGlobus","version":"3.0.2","language":"en","enabled_languages":["de","en"],"languages":{"de":{"title":true,"content":true,"excerpt":false},"en":{"title":false,"content":false,"excerpt":false}}},"aioseo_notices":[],"featured_media_urls":[],"_links":{"self":[{"href":"https:\/\/bonfire-solutions.com\/en\/wp-json\/wp\/v2\/pages\/66","targetHints":{"allow":["GET"]}}],"collection":[{"href":"https:\/\/bonfire-solutions.com\/en\/wp-json\/wp\/v2\/pages"}],"about":[{"href":"https:\/\/bonfire-solutions.com\/en\/wp-json\/wp\/v2\/types\/page"}],"author":[{"embeddable":true,"href":"https:\/\/bonfire-solutions.com\/en\/wp-json\/wp\/v2\/users\/1"}],"replies":[{"embeddable":true,"href":"https:\/\/bonfire-solutions.com\/en\/wp-json\/wp\/v2\/comments?post=66"}],"version-history":[{"count":16,"href":"https:\/\/bonfire-solutions.com\/en\/wp-json\/wp\/v2\/pages\/66\/revisions"}],"predecessor-version":[{"id":1235,"href":"https:\/\/bonfire-solutions.com\/en\/wp-json\/wp\/v2\/pages\/66\/revisions\/1235"}],"wp:attachment":[{"href":"https:\/\/bonfire-solutions.com\/en\/wp-json\/wp\/v2\/media?parent=66"}],"curies":[{"name":"wp","href":"https:\/\/api.w.org\/{rel}","templated":true}]}}